{"id":54,"date":"2026-03-14T09:05:51","date_gmt":"2026-03-14T09:05:51","guid":{"rendered":"https:\/\/du-cep-au-vin.com\/?page_id=54"},"modified":"2026-03-14T10:33:03","modified_gmt":"2026-03-14T10:33:03","slug":"mentions-legales","status":"publish","type":"page","link":"https:\/\/du-cep-au-vin.com\/index.php\/mentions-legales\/","title":{"rendered":"Mentions l\u00e9gales"},"content":{"rendered":"\n<p>Le pr\u00e9sent site est \u00e9dit\u00e9 par l\u2019association \u00ab\u00a0Du Cep au Vin\u00a0\u00bb <br>3, rue du 8 mai 1945       33500 LALANDE DE POMEROL<\/p>\n\n\n\n<p>L\u2019ensemble des contenus pr\u00e9sents sur ce site (textes, images, logos, graphiques, vid\u00e9os, etc.) est la propri\u00e9t\u00e9 de l\u2019association ou de leurs auteurs respectifs, sauf mention contraire.<\/p>\n\n\n\n<p>Toute reproduction, repr\u00e9sentation, modification, publication ou adaptation de tout ou partie des \u00e9l\u00e9ments du site, quel que soit le moyen ou le proc\u00e9d\u00e9 utilis\u00e9, est interdite sans autorisation \u00e9crite pr\u00e9alable.<\/p>\n\n\n\n<p>Les informations diffus\u00e9es sur ce site sont fournies \u00e0 titre informatif. L\u2019association s\u2019efforce de fournir des informations aussi pr\u00e9cises que possible, mais ne saurait garantir l\u2019exactitude, la compl\u00e9tude ou l\u2019actualit\u00e9 des informations publi\u00e9es. L\u2019utilisation des informations pr\u00e9sentes sur le site se fait sous la seule responsabilit\u00e9 de l\u2019utilisateur.<\/p>\n\n\n\n<p>Les visiteurs peuvent \u00eatre amen\u00e9s \u00e0 publier des commentaires sur certains contenus du site. L\u2019association se r\u00e9serve le droit de supprimer, sans pr\u00e9avis, tout commentaire :<\/p>\n\n\n\n<ul class=\"wp-block-list\">\n<li>contraire \u00e0 la l\u00e9gislation en vigueur<\/li>\n\n\n\n<li>injurieux, diffamatoire ou discriminatoire<\/li>\n\n\n\n<li>promotionnel ou spam<\/li>\n<\/ul>\n\n\n\n<p>Les auteurs des commentaires restent responsables des contenus qu\u2019ils publient.<\/p>\n\n\n\n<p>Les informations personnelles collect\u00e9es sur ce site sont trait\u00e9es dans le respect du R\u00e8glement g\u00e9n\u00e9ral sur la protection des donn\u00e9es (RGPD).<\/p>\n\n\n\n<p>Le site peut contenir des liens vers d\u2019autres sites internet. L\u2019association ne peut \u00eatre tenue responsable du contenu de ces sites externes.<\/p>\n\n\n\n<p>Le pr\u00e9sent site est soumis au droit fran\u00e7ais.<br>Tout litige relatif \u00e0 son utilisation rel\u00e8ve de la comp\u00e9tence des tribunaux fran\u00e7ais.<\/p>\n","protected":false},"excerpt":{"rendered":"<p>Le pr\u00e9sent site est \u00e9dit\u00e9 par l\u2019association \u00ab\u00a0Du Cep au Vin\u00a0\u00bb 3, rue du 8 mai 1945 33500 LALANDE DE POMEROL L\u2019ensemble des contenus pr\u00e9sents sur ce site (textes, images, logos, graphiques, vid\u00e9os, etc.) est la propri\u00e9t\u00e9 de l\u2019association ou &hellip; <a href=\"https:\/\/du-cep-au-vin.com\/index.php\/mentions-legales\/\">Continuer la lecture <span class=\"meta-nav\">&rarr;<\/span><\/a><\/p>\n","protected":false},"author":1,"featured_media":0,"parent":0,"menu_order":0,"comment_status":"closed","ping_status":"closed","template":"","meta":{"jetpack_post_was_ever_published":false,"footnotes":""},"class_list":["post-54","page","type-page","status-publish","hentry"],"jetpack_likes_enabled":true,"jetpack_sharing_enabled":true,"_links":{"self":[{"href":"https:\/\/du-cep-au-vin.com\/index.php\/wp-json\/wp\/v2\/pages\/54","targetHints":{"allow":["GET"]}}],"collection":[{"href":"https:\/\/du-cep-au-vin.com\/index.php\/wp-json\/wp\/v2\/pages"}],"about":[{"href":"https:\/\/du-cep-au-vin.com\/index.php\/wp-json\/wp\/v2\/types\/page"}],"author":[{"embeddable":true,"href":"https:\/\/du-cep-au-vin.com\/index.php\/wp-json\/wp\/v2\/users\/1"}],"replies":[{"embeddable":true,"href":"https:\/\/du-cep-au-vin.com\/index.php\/wp-json\/wp\/v2\/comments?post=54"}],"version-history":[{"count":2,"href":"https:\/\/du-cep-au-vin.com\/index.php\/wp-json\/wp\/v2\/pages\/54\/revisions"}],"predecessor-version":[{"id":64,"href":"https:\/\/du-cep-au-vin.com\/index.php\/wp-json\/wp\/v2\/pages\/54\/revisions\/64"}],"wp:attachment":[{"href":"https:\/\/du-cep-au-vin.com\/index.php\/wp-json\/wp\/v2\/media?parent=54"}],"curies":[{"name":"wp","href":"https:\/\/api.w.org\/{rel}","templated":true}]}}