{"id":27,"date":"2026-03-13T17:48:51","date_gmt":"2026-03-13T17:48:51","guid":{"rendered":"https:\/\/du-cep-au-vin.com\/?page_id=27"},"modified":"2026-04-27T12:17:17","modified_gmt":"2026-04-27T12:17:17","slug":"comptes-rendus","status":"publish","type":"page","link":"https:\/\/du-cep-au-vin.com\/index.php\/comptes-rendus\/","title":{"rendered":"Comptes rendus"},"content":{"rendered":"\n<div class=\"wp-block-buttons is-layout-flex wp-block-buttons-is-layout-flex\">\n<div class=\"wp-block-button is-style-outline is-style-outline--1\"><a class=\"wp-block-button__link wp-element-button\" href=\"https:\/\/du-cep-au-vin.com\/wp-content\/uploads\/2026\/04\/VINS-DE-SICILE.pdf\">S\u00e9ance du 22 avril 2026 &#8211; Vins de Sicile<\/a><\/div>\n<\/div>\n\n\n\n<div class=\"wp-block-buttons is-layout-flex wp-block-buttons-is-layout-flex\">\n<div class=\"wp-block-button is-style-outline is-style-outline--2\"><a class=\"wp-block-button__link wp-element-button\" href=\"https:\/\/du-cep-au-vin.com\/wp-content\/uploads\/2026\/03\/CR-25-MARS.pdf\">S\u00e9ance du 25 mars 2026 &#8211; Vins d&rsquo;Alsace<\/a><\/div>\n<\/div>\n\n\n\n<div class=\"wp-block-buttons is-layout-flex wp-block-buttons-is-layout-flex\">\n<div class=\"wp-block-button is-style-outline is-style-outline--3\"><a class=\"wp-block-button__link wp-element-button\" href=\"https:\/\/du-cep-au-vin.com\/wp-content\/uploads\/2026\/03\/CR-11-mars-2026.pdf\">S\u00e9ance du 11 mars 2026 &#8211; Vins mono-c\u00e9pages<\/a><\/div>\n<\/div>\n\n\n\n<div class=\"wp-block-buttons is-layout-flex wp-block-buttons-is-layout-flex\">\n<div class=\"wp-block-button is-style-outline is-style-outline--4\"><a class=\"wp-block-button__link wp-element-button\" href=\"https:\/\/du-cep-au-vin.com\/wp-content\/uploads\/2026\/03\/CR-25-02-2026.pdf\">S\u00e9ance du 25 f\u00e9vrier 2026 &#8211; Alsace vendanges tardives &#8211; Ile de R\u00e9<\/a><\/div>\n<\/div>\n\n\n\n<div class=\"wp-block-buttons is-layout-flex wp-block-buttons-is-layout-flex\">\n<div class=\"wp-block-button is-style-outline is-style-outline--5\"><a class=\"wp-block-button__link wp-element-button\" href=\"https:\/\/du-cep-au-vin.com\/wp-content\/uploads\/2026\/03\/VIN-DE-GLACE-.pdf\">S\u00e9ance du 25 f\u00e9vrier 2026 &#8211; Vin de glace<\/a><\/div>\n<\/div>\n\n\n\n<div class=\"wp-block-buttons is-layout-flex wp-block-buttons-is-layout-flex\">\n<div class=\"wp-block-button is-style-outline is-style-outline--6\"><a class=\"wp-block-button__link wp-element-button\" href=\"https:\/\/du-cep-au-vin.com\/wp-content\/uploads\/2026\/03\/Vins-du-monde.pdf\">S\u00e9ance du 23 octobre 2025 &#8211; Vins du monde<\/a><\/div>\n<\/div>\n\n\n\n<div class=\"wp-block-buttons is-layout-flex wp-block-buttons-is-layout-flex\">\n<div class=\"wp-block-button is-style-outline is-style-outline--7\"><a class=\"wp-block-button__link wp-element-button\" href=\"https:\/\/du-cep-au-vin.com\/wp-content\/uploads\/2026\/03\/Tire-bouchon.pdf\">S\u00e9ance du 21 mai 2025 &#8211; Le tire-bouchon<\/a><\/div>\n<\/div>\n\n\n\n<div class=\"wp-block-buttons is-layout-flex wp-block-buttons-is-layout-flex\">\n<div class=\"wp-block-button is-style-outline is-style-outline--8\"><a class=\"wp-block-button__link wp-element-button\" href=\"https:\/\/du-cep-au-vin.com\/wp-content\/uploads\/2026\/03\/CR-20-10-2024-Vins-du-Liban.pdf\">S\u00e9ance du 20 octobre 2024 &#8211; Vins du Liban<\/a><\/div>\n<\/div>\n\n\n\n<p><\/p>\n","protected":false},"excerpt":{"rendered":"","protected":false},"author":1,"featured_media":0,"parent":0,"menu_order":0,"comment_status":"closed","ping_status":"closed","template":"","meta":{"jetpack_post_was_ever_published":false,"footnotes":""},"class_list":["post-27","page","type-page","status-publish","hentry"],"jetpack_likes_enabled":true,"jetpack_sharing_enabled":true,"_links":{"self":[{"href":"https:\/\/du-cep-au-vin.com\/index.php\/wp-json\/wp\/v2\/pages\/27","targetHints":{"allow":["GET"]}}],"collection":[{"href":"https:\/\/du-cep-au-vin.com\/index.php\/wp-json\/wp\/v2\/pages"}],"about":[{"href":"https:\/\/du-cep-au-vin.com\/index.php\/wp-json\/wp\/v2\/types\/page"}],"author":[{"embeddable":true,"href":"https:\/\/du-cep-au-vin.com\/index.php\/wp-json\/wp\/v2\/users\/1"}],"replies":[{"embeddable":true,"href":"https:\/\/du-cep-au-vin.com\/index.php\/wp-json\/wp\/v2\/comments?post=27"}],"version-history":[{"count":18,"href":"https:\/\/du-cep-au-vin.com\/index.php\/wp-json\/wp\/v2\/pages\/27\/revisions"}],"predecessor-version":[{"id":246,"href":"https:\/\/du-cep-au-vin.com\/index.php\/wp-json\/wp\/v2\/pages\/27\/revisions\/246"}],"wp:attachment":[{"href":"https:\/\/du-cep-au-vin.com\/index.php\/wp-json\/wp\/v2\/media?parent=27"}],"curies":[{"name":"wp","href":"https:\/\/api.w.org\/{rel}","templated":true}]}}