{"id":21,"date":"2026-03-13T17:15:55","date_gmt":"2026-03-13T17:15:55","guid":{"rendered":"https:\/\/du-cep-au-vin.com\/?page_id=21"},"modified":"2026-03-13T17:18:06","modified_gmt":"2026-03-13T17:18:06","slug":"le-bureau","status":"publish","type":"page","link":"https:\/\/du-cep-au-vin.com\/index.php\/le-bureau\/","title":{"rendered":"Le bureau"},"content":{"rendered":"\n<figure class=\"wp-block-table\"><table class=\"has-fixed-layout\"><tbody><tr><td>Pr\u00e9sidente<\/td><td>Monique Bedrenne<\/td><\/tr><tr><td>Vice-Pr\u00e9sident<\/td><td>Jean Claude Dubois<\/td><\/tr><tr><td>Secr\u00e9taire<\/td><td>Catherine Dussieux<\/td><\/tr><tr><td>Secr\u00e9taire adjointe<\/td><td>Dany Pommier<\/td><\/tr><tr><td>Tr\u00e9sorier<\/td><td>Jean-Paul Louis<\/td><\/tr><tr><td>Tr\u00e9sorier adjoint<\/td><td>Dominique Leray<\/td><\/tr><\/tbody><\/table><\/figure>\n\n\n\n<p><\/p>\n","protected":false},"excerpt":{"rendered":"<p>Pr\u00e9sidente Monique Bedrenne Vice-Pr\u00e9sident Jean Claude Dubois Secr\u00e9taire Catherine Dussieux Secr\u00e9taire adjointe Dany Pommier Tr\u00e9sorier Jean-Paul Louis Tr\u00e9sorier adjoint Dominique Leray<\/p>\n","protected":false},"author":1,"featured_media":0,"parent":0,"menu_order":0,"comment_status":"closed","ping_status":"closed","template":"","meta":{"jetpack_post_was_ever_published":false,"footnotes":""},"class_list":["post-21","page","type-page","status-publish","hentry"],"jetpack_likes_enabled":true,"jetpack_sharing_enabled":true,"_links":{"self":[{"href":"https:\/\/du-cep-au-vin.com\/index.php\/wp-json\/wp\/v2\/pages\/21","targetHints":{"allow":["GET"]}}],"collection":[{"href":"https:\/\/du-cep-au-vin.com\/index.php\/wp-json\/wp\/v2\/pages"}],"about":[{"href":"https:\/\/du-cep-au-vin.com\/index.php\/wp-json\/wp\/v2\/types\/page"}],"author":[{"embeddable":true,"href":"https:\/\/du-cep-au-vin.com\/index.php\/wp-json\/wp\/v2\/users\/1"}],"replies":[{"embeddable":true,"href":"https:\/\/du-cep-au-vin.com\/index.php\/wp-json\/wp\/v2\/comments?post=21"}],"version-history":[{"count":2,"href":"https:\/\/du-cep-au-vin.com\/index.php\/wp-json\/wp\/v2\/pages\/21\/revisions"}],"predecessor-version":[{"id":24,"href":"https:\/\/du-cep-au-vin.com\/index.php\/wp-json\/wp\/v2\/pages\/21\/revisions\/24"}],"wp:attachment":[{"href":"https:\/\/du-cep-au-vin.com\/index.php\/wp-json\/wp\/v2\/media?parent=21"}],"curies":[{"name":"wp","href":"https:\/\/api.w.org\/{rel}","templated":true}]}}