{"id":2,"date":"2026-03-13T14:37:27","date_gmt":"2026-03-13T14:37:27","guid":{"rendered":"http:\/\/du-cep-au-vin.com\/?page_id=2"},"modified":"2026-03-26T17:05:24","modified_gmt":"2026-03-26T17:05:24","slug":"sample-page","status":"publish","type":"page","link":"https:\/\/du-cep-au-vin.com\/index.php\/sample-page\/","title":{"rendered":"\u00c0 propos"},"content":{"rendered":"\n<p><a href=\"https:\/\/du-cep-au-vin.com\/index.php\/2026\/03\/13\/hello-world\/#respond\"><\/a><\/p>\n\n\n\n<figure class=\"wp-block-image\"><img loading=\"lazy\" decoding=\"async\" width=\"409\" height=\"277\" src=\"https:\/\/du-cep-au-vin.com\/wp-content\/uploads\/2026\/03\/image.png\" alt=\"\" class=\"wp-image-98\" srcset=\"https:\/\/du-cep-au-vin.com\/wp-content\/uploads\/2026\/03\/image.png 409w, https:\/\/du-cep-au-vin.com\/wp-content\/uploads\/2026\/03\/image-300x203.png 300w\" sizes=\"auto, (max-width: 409px) 100vw, 409px\" \/><\/figure>\n\n\n\n<p>Bienvenue sur le site de notre <strong>association<\/strong>, un espace d\u00e9di\u00e9 \u00e0 la d\u00e9couverte, au partage et \u00e0 la passion du vin. Notre association rassemble des professionnels de la viticulture, des amateurs et passionn\u00e9s souhaitant approfondir leurs connaissances, d\u00e9couvrir de nouveaux terroirs et \u00e9changer autour de bouteilles soigneusement s\u00e9lectionn\u00e9es.<br><br><strong>D\u00e9couvrir le vin autrement.<\/strong><br>Au sein de notre <strong>club de d\u00e9gustation de vin<\/strong>, nous nous r\u00e9unissons r\u00e9guli\u00e8rement, un mercredi sur deux hors vacances scolaires, pour des d\u00e9gustations conviviales permettant d\u2019explorer diff\u00e9rentes r\u00e9gions viticoles, c\u00e9pages et styles de vins. Ces rencontres sont l\u2019occasion d\u2019apprendre \u00e0 mieux reconna\u00eetre les ar\u00f4mes, comprendre les accords mets et vins et partager des exp\u00e9riences entre amateurs.<br>Nos d\u00e9gustations peuvent porter sur <strong>diff\u00e9rents th\u00e8mes<\/strong> :<br>\u2013 Vins d\u2019une r\u00e9gion sp\u00e9cifique<br>\u2013 Comparaison de c\u00e9pages<br>\u2013 D\u00e9gustation \u00e0 l\u2019aveugle<br>\u2013 D\u00e9couverte de domaines et de vignerons<br><br><strong>Un club ouvert aux amateurs de vin<\/strong><br>Notre <strong>club <\/strong>s\u2019adresse \u00e0 toutes les personnes curieuses de d\u00e9couvrir le vin, que vous soyez d\u00e9butant ou amateur confirm\u00e9. L\u2019objectif est avant tout de partager un moment convivial tout en d\u00e9veloppant sa culture \u0153nologique.<br>A la fin de l\u2019ann\u00e9e 2025, le club comptait une trentaine d\u2019adh\u00e9rents, alors que d\u2019autres nouveaux membres se sont inscrits au 4\u00e8me trimestre. Nous comptons pratiquement autant de femmes que d\u2019hommes.<br>Les membres de l\u2019association sont encore en activit\u00e9 ou retrait\u00e9s.<br>Le monde viticole est bien repr\u00e9sent\u00e9 avec un tiers des effectifs.<br>Les s\u00e9ances du club ont lieu un mercredi sur deux \u00e0 partir de 19h30 \u00e0 la salle des f\u00eates de Lalande de Pomerol.<br>Pour adh\u00e9rer au club, il faut \u00eatre majeur, parrain\u00e9 par un membre du club.<br>La cotisation annuelle est de 35 \u20ac.<br>Une moyenne de 20 personnes assiste r\u00e9guli\u00e8rement \u00e0 chaque r\u00e9union.<\/p>\n","protected":false},"excerpt":{"rendered":"<p>Bienvenue sur le site de notre association, un espace d\u00e9di\u00e9 \u00e0 la d\u00e9couverte, au partage et \u00e0 la passion du vin. Notre association rassemble des professionnels de la viticulture, des amateurs et passionn\u00e9s souhaitant approfondir leurs connaissances, d\u00e9couvrir de nouveaux &hellip; <a href=\"https:\/\/du-cep-au-vin.com\/index.php\/sample-page\/\">Continuer la lecture <span class=\"meta-nav\">&rarr;<\/span><\/a><\/p>\n","protected":false},"author":1,"featured_media":0,"parent":0,"menu_order":0,"comment_status":"closed","ping_status":"open","template":"","meta":{"jetpack_post_was_ever_published":false,"footnotes":""},"class_list":["post-2","page","type-page","status-publish","hentry"],"jetpack_likes_enabled":true,"jetpack_sharing_enabled":true,"_links":{"self":[{"href":"https:\/\/du-cep-au-vin.com\/index.php\/wp-json\/wp\/v2\/pages\/2","targetHints":{"allow":["GET"]}}],"collection":[{"href":"https:\/\/du-cep-au-vin.com\/index.php\/wp-json\/wp\/v2\/pages"}],"about":[{"href":"https:\/\/du-cep-au-vin.com\/index.php\/wp-json\/wp\/v2\/types\/page"}],"author":[{"embeddable":true,"href":"https:\/\/du-cep-au-vin.com\/index.php\/wp-json\/wp\/v2\/users\/1"}],"replies":[{"embeddable":true,"href":"https:\/\/du-cep-au-vin.com\/index.php\/wp-json\/wp\/v2\/comments?post=2"}],"version-history":[{"count":4,"href":"https:\/\/du-cep-au-vin.com\/index.php\/wp-json\/wp\/v2\/pages\/2\/revisions"}],"predecessor-version":[{"id":143,"href":"https:\/\/du-cep-au-vin.com\/index.php\/wp-json\/wp\/v2\/pages\/2\/revisions\/143"}],"wp:attachment":[{"href":"https:\/\/du-cep-au-vin.com\/index.php\/wp-json\/wp\/v2\/media?parent=2"}],"curies":[{"name":"wp","href":"https:\/\/api.w.org\/{rel}","templated":true}]}}